{"id":135,"date":"2019-12-29T15:25:15","date_gmt":"2019-12-29T14:25:15","guid":{"rendered":"http:\/\/encrenous.fr\/?page_id=135"},"modified":"2025-05-30T11:13:28","modified_gmt":"2025-05-30T09:13:28","slug":"tarifs-2","status":"publish","type":"page","link":"https:\/\/encrenous.fr\/index.php\/tarifs-2\/","title":{"rendered":"Tarifs"},"content":{"rendered":"\n<p><\/p>\n\n\n\n<p>Chaque document pr\u00e9sentant des particularit\u00e9s, toute demande fera l\u2019objet d\u2019une \u00e9tude approfondie et personnalis\u00e9e suivi d\u2019une proposition de devis.<\/p>\n\n\n\n<p>Un forfait de base est pr\u00e9vu pour tous travaux.<\/p>\n\n\n\n<p>Le premier rendez-vous pour discuter de votre projet vous est offert.<\/p>\n\n\n\n<h2 class=\"wp-block-heading\">R\u00e9daction : <\/h2>\n\n\n\n<p><strong>R\u00e9cit de vie :<\/strong> 160 \u20ac l&rsquo;heure d&rsquo;entretien + retranscription (5 \u00e0 7 h de travail)<\/p>\n\n\n\n<p><strong>Courrier administratif ou personnel<\/strong> : 36 \u20ac<\/p>\n\n\n\n<p><strong>R\u00e9cit litt\u00e9raire<\/strong> : sur devis<\/p>\n\n\n\n<p><strong>Discours : <\/strong> 40 \u20ac \/ page<\/p>\n\n\n\n<h2 class=\"wp-block-heading\">R\u00e9\u00e9criture &#8211; reformulation \/ correction :<\/h2>\n\n\n\n<p><strong>M\u00e9moire <\/strong>: sur devis, apr\u00e8s test sur quelques pages &#8211; tarif \u00e9tudiant<\/p>\n\n\n\n<p><strong>R\u00e9cit de vie &#8211; litt\u00e9raire<\/strong> : sur devis, apr\u00e8s test sur quelques pages &#8211; tarif d\u00e9gressif selon le nombre de mots<\/p>\n\n\n\n<p><strong>Courrier<\/strong> <strong>&#8211; discours<\/strong> : r\u00e9\u00e9criture : 15 \u20ac \/ page &#8211; correction : 10 \u20ac \/ page<\/p>\n","protected":false},"excerpt":{"rendered":"<p>Chaque document pr\u00e9sentant des particularit\u00e9s, toute demande fera l\u2019objet d\u2019une \u00e9tude approfondie et personnalis\u00e9e suivi d\u2019une proposition de devis. Un forfait de base est pr\u00e9vu pour tous travaux. Le premier rendez-vous pour discuter de votre projet vous est offert. R\u00e9daction : R\u00e9cit de vie : 160 \u20ac l&rsquo;heure d&rsquo;entretien + retranscription (5 \u00e0 7 h [&hellip;]<\/p>\n","protected":false},"author":1,"featured_media":0,"parent":0,"menu_order":0,"comment_status":"closed","ping_status":"closed","template":"","meta":{"footnotes":""},"_links":{"self":[{"href":"https:\/\/encrenous.fr\/index.php\/wp-json\/wp\/v2\/pages\/135"}],"collection":[{"href":"https:\/\/encrenous.fr\/index.php\/wp-json\/wp\/v2\/pages"}],"about":[{"href":"https:\/\/encrenous.fr\/index.php\/wp-json\/wp\/v2\/types\/page"}],"author":[{"embeddable":true,"href":"https:\/\/encrenous.fr\/index.php\/wp-json\/wp\/v2\/users\/1"}],"replies":[{"embeddable":true,"href":"https:\/\/encrenous.fr\/index.php\/wp-json\/wp\/v2\/comments?post=135"}],"version-history":[{"count":22,"href":"https:\/\/encrenous.fr\/index.php\/wp-json\/wp\/v2\/pages\/135\/revisions"}],"predecessor-version":[{"id":1619,"href":"https:\/\/encrenous.fr\/index.php\/wp-json\/wp\/v2\/pages\/135\/revisions\/1619"}],"wp:attachment":[{"href":"https:\/\/encrenous.fr\/index.php\/wp-json\/wp\/v2\/media?parent=135"}],"curies":[{"name":"wp","href":"https:\/\/api.w.org\/{rel}","templated":true}]}}