{"id":31,"date":"2019-02-21T10:22:41","date_gmt":"2019-02-21T09:22:41","guid":{"rendered":"http:\/\/encrenous.fr\/?page_id=31"},"modified":"2023-04-19T16:55:24","modified_gmt":"2023-04-19T14:55:24","slug":"qui-est-lecrivain-public","status":"publish","type":"page","link":"https:\/\/encrenous.fr\/index.php\/qui-est-lecrivain-public\/","title":{"rendered":"Qui est l&rsquo;\u00e9crivain public ?"},"content":{"rendered":"<p align=\"justify\"><span style=\"font-family: Pangram;\">L&rsquo;\u00e9crivain public exerce l&rsquo;un des plus vieux m\u00e9tier au monde. Celui-ci est apparu \u00e0 une \u00e9poque o\u00f9 tr\u00e8s peu de personnes \u00e9taient lettr\u00e9es. L&rsquo;\u00e9crivain public \u00e9tait donc indispensable \u00e0 quasiment quiconque avait besoin d&rsquo;un \u00e9crit, le plus souvent administratif ou juridique.<\/span><\/p>\n<p align=\"justify\"><img loading=\"lazy\" decoding=\"async\" class=\"aligncenter wp-image-426 \" src=\"https:\/\/encrenous.fr\/wp-content\/uploads\/2019\/12\/person-holding-fountain-pen-211291-300x200.jpg\" alt=\"\" width=\"200\" height=\"133\" srcset=\"https:\/\/encrenous.fr\/wp-content\/uploads\/2019\/12\/person-holding-fountain-pen-211291-300x200.jpg 300w, https:\/\/encrenous.fr\/wp-content\/uploads\/2019\/12\/person-holding-fountain-pen-211291.jpg 640w\" sizes=\"(max-width: 200px) 100vw, 200px\" \/><\/p>\n<p align=\"justify\"><span style=\"font-family: Pangram;\">L&rsquo;\u00e9crivain public a commenc\u00e9 \u00e0 perdre de son importance et de son prestige apr\u00e8s la R\u00e9volution et le d\u00e9veloppement de l&rsquo;enseignement mais surtout \u00e0 la fin du XIX\u00b0 si\u00e8cle quand l&rsquo;\u00e9cole est devenue obligatoire .<\/span><\/p>\n<p align=\"justify\"><span style=\"font-family: Pangram;\">Puis, il a repris du gallon dans les ann\u00e9es 1980, et, paradoxalement, l&rsquo;arriv\u00e9e du num\u00e9rique a confort\u00e9 son utilit\u00e9 et sa n\u00e9cessit\u00e9 : aujourd&rsquo;hui, encore plus qu&rsquo;hier, tout passe par l&rsquo;\u00e9crit.<\/span><\/p>\n<p align=\"justify\">\n<p align=\"justify\"><span style=\"font-family: Pangram;\">De scribe, l&rsquo;\u00e9crivain public est devenu conseiller en \u00e9criture : il accompagne celui qui manque de temps, d&rsquo;envie, de connaissances pour ses travaux de r\u00e9daction.<\/span><\/p>\n<p align=\"justify\"><img loading=\"lazy\" decoding=\"async\" class=\"aligncenter wp-image-49\" src=\"https:\/\/encrenous.fr\/wp-content\/uploads\/2019\/02\/pexels-photo-461077-300x200.jpeg\" alt=\"\" width=\"200\" height=\"133\" srcset=\"https:\/\/encrenous.fr\/wp-content\/uploads\/2019\/02\/pexels-photo-461077-300x200.jpeg 300w, https:\/\/encrenous.fr\/wp-content\/uploads\/2019\/02\/pexels-photo-461077-768x512.jpeg 768w, https:\/\/encrenous.fr\/wp-content\/uploads\/2019\/02\/pexels-photo-461077-1024x682.jpeg 1024w, https:\/\/encrenous.fr\/wp-content\/uploads\/2019\/02\/pexels-photo-461077.jpeg 1280w\" sizes=\"(max-width: 200px) 100vw, 200px\" \/><\/p>\n<p align=\"justify\"><span style=\"font-family: Pangram;\">\u00c0 l&rsquo;heure actuelle, il n&rsquo;utilise plus un stylet ou une plume mais, parfois encore, un stylo, le plus souvent un clavier.<\/span><\/p>\n","protected":false},"excerpt":{"rendered":"<p>L&rsquo;\u00e9crivain public exerce l&rsquo;un des plus vieux m\u00e9tier au monde. Celui-ci est apparu \u00e0 une \u00e9poque o\u00f9 tr\u00e8s peu de personnes \u00e9taient lettr\u00e9es. L&rsquo;\u00e9crivain public \u00e9tait donc indispensable \u00e0 quasiment quiconque avait besoin d&rsquo;un \u00e9crit, le plus souvent administratif ou juridique. L&rsquo;\u00e9crivain public a commenc\u00e9 \u00e0 perdre de son importance et de son prestige apr\u00e8s [&hellip;]<\/p>\n","protected":false},"author":1,"featured_media":0,"parent":0,"menu_order":0,"comment_status":"closed","ping_status":"closed","template":"","meta":{"footnotes":""},"_links":{"self":[{"href":"https:\/\/encrenous.fr\/index.php\/wp-json\/wp\/v2\/pages\/31"}],"collection":[{"href":"https:\/\/encrenous.fr\/index.php\/wp-json\/wp\/v2\/pages"}],"about":[{"href":"https:\/\/encrenous.fr\/index.php\/wp-json\/wp\/v2\/types\/page"}],"author":[{"embeddable":true,"href":"https:\/\/encrenous.fr\/index.php\/wp-json\/wp\/v2\/users\/1"}],"replies":[{"embeddable":true,"href":"https:\/\/encrenous.fr\/index.php\/wp-json\/wp\/v2\/comments?post=31"}],"version-history":[{"count":14,"href":"https:\/\/encrenous.fr\/index.php\/wp-json\/wp\/v2\/pages\/31\/revisions"}],"predecessor-version":[{"id":1389,"href":"https:\/\/encrenous.fr\/index.php\/wp-json\/wp\/v2\/pages\/31\/revisions\/1389"}],"wp:attachment":[{"href":"https:\/\/encrenous.fr\/index.php\/wp-json\/wp\/v2\/media?parent=31"}],"curies":[{"name":"wp","href":"https:\/\/api.w.org\/{rel}","templated":true}]}}