{"id":541,"date":"2020-02-29T18:57:57","date_gmt":"2020-02-29T17:57:57","guid":{"rendered":"http:\/\/encrenous.fr\/?page_id=541"},"modified":"2024-06-20T19:54:46","modified_gmt":"2024-06-20T17:54:46","slug":"accueil","status":"publish","type":"page","link":"https:\/\/encrenous.fr\/","title":{"rendered":"Accueil"},"content":{"rendered":"\n<figure class=\"wp-block-image\"><img loading=\"lazy\" decoding=\"async\" width=\"768\" height=\"1024\" src=\"https:\/\/encrenous.fr\/wp-content\/uploads\/2020\/02\/A_RIVIERE-768x1024.jpg\" alt=\"\" class=\"wp-image-544\" srcset=\"https:\/\/encrenous.fr\/wp-content\/uploads\/2020\/02\/A_RIVIERE-768x1024.jpg 768w, https:\/\/encrenous.fr\/wp-content\/uploads\/2020\/02\/A_RIVIERE-225x300.jpg 225w\" sizes=\"(max-width: 768px) 100vw, 768px\" \/><figcaption>cr\u00e9dit photo : Ang\u00e9lique Emonet<\/figcaption><\/figure>\n\n\n\n<p class=\"has-text-align-center\">Bienvenue sur ce site \u00e0 la d\u00e9couverte de  ce que je peux vous apporter.<\/p>\n\n\n\n<h2 class=\"wp-block-heading\"><strong>Particuliers, professionnels,<\/strong> vous avez besoin d&rsquo;un coup de plume pour \u00e9crire, corriger, reformuler tout \u00e9crit, <strong>je  vous accompagne pour trouver le bon mot.<\/strong><\/h2>\n","protected":false},"excerpt":{"rendered":"<p>Bienvenue sur ce site \u00e0 la d\u00e9couverte de ce que je peux vous apporter. Particuliers, professionnels, vous avez besoin d&rsquo;un coup de plume pour \u00e9crire, corriger, reformuler tout \u00e9crit, je vous accompagne pour trouver le bon mot.<\/p>\n","protected":false},"author":1,"featured_media":0,"parent":221,"menu_order":0,"comment_status":"closed","ping_status":"closed","template":"","meta":{"footnotes":""},"_links":{"self":[{"href":"https:\/\/encrenous.fr\/index.php\/wp-json\/wp\/v2\/pages\/541"}],"collection":[{"href":"https:\/\/encrenous.fr\/index.php\/wp-json\/wp\/v2\/pages"}],"about":[{"href":"https:\/\/encrenous.fr\/index.php\/wp-json\/wp\/v2\/types\/page"}],"author":[{"embeddable":true,"href":"https:\/\/encrenous.fr\/index.php\/wp-json\/wp\/v2\/users\/1"}],"replies":[{"embeddable":true,"href":"https:\/\/encrenous.fr\/index.php\/wp-json\/wp\/v2\/comments?post=541"}],"version-history":[{"count":13,"href":"https:\/\/encrenous.fr\/index.php\/wp-json\/wp\/v2\/pages\/541\/revisions"}],"predecessor-version":[{"id":782,"href":"https:\/\/encrenous.fr\/index.php\/wp-json\/wp\/v2\/pages\/541\/revisions\/782"}],"up":[{"embeddable":true,"href":"https:\/\/encrenous.fr\/index.php\/wp-json\/wp\/v2\/pages\/221"}],"wp:attachment":[{"href":"https:\/\/encrenous.fr\/index.php\/wp-json\/wp\/v2\/media?parent=541"}],"curies":[{"name":"wp","href":"https:\/\/api.w.org\/{rel}","templated":true}]}}